{"id":744,"date":"2024-09-12T16:22:44","date_gmt":"2024-09-12T16:22:44","guid":{"rendered":"https:\/\/prometheus-web.com\/sustainability-services\/"},"modified":"2025-02-20T22:09:44","modified_gmt":"2025-02-20T22:09:44","slug":"servizi-di-sostenibilita","status":"publish","type":"page","link":"https:\/\/prometheus-web.com\/it\/servizi-di-sostenibilita\/","title":{"rendered":"Servizi"},"content":{"rendered":"\n<div class=\"wp-block-group alignfull container-90 scroll-fade-right is-content-justification-left is-layout-constrained wp-container-core-group-is-layout-7ca9ea7d wp-block-group-is-layout-constrained\">\n<h2 class=\"wp-block-heading\">Soluzioni per la <mark style=\"background-color:rgba(0, 0, 0, 0)\" class=\"has-inline-color has-vivid-green-cyan-color\">sostenibilit\u00e0<\/mark><\/h2>\n\n\n\n<p class=\"size-md\">Implementa <strong>pratiche ecosostenibili<\/strong> e inizia oggi il tuo percorso verso la decarbonizzazione con i nostri servizi specializzati, che <strong>migliorano le prestazioni aziendali<\/strong> e garantiscono un futuro pi\u00f9 sostenibile per tutti.<\/p>\n<\/div>\n\n\n\n<section class=\"wp-block-group alignfull container-90 is-layout-flow wp-block-group-is-layout-flow\" style=\"border-bottom-color:#cccccc;border-bottom-width:1px;padding-bottom:70px\">\n<div style=\"height:30px\" aria-hidden=\"true\" class=\"wp-block-spacer\"><\/div>\n\n\n\n<figure class=\"wp-block-image size-full has-custom-border scroll-img o-hidden\"><img loading=\"lazy\" decoding=\"async\" width=\"1663\" height=\"1080\" src=\"https:\/\/prometheus-web.com\/wp-content\/uploads\/2025\/02\/prometheus-service.1.jpg\" alt=\"\" class=\"wp-image-537\" style=\"border-radius:30px;aspect-ratio:16\/9;object-fit:cover\" srcset=\"https:\/\/prometheus-web.com\/wp-content\/uploads\/2025\/02\/prometheus-service.1.jpg 1663w, https:\/\/prometheus-web.com\/wp-content\/uploads\/2025\/02\/prometheus-service.1-300x195.jpg 300w, https:\/\/prometheus-web.com\/wp-content\/uploads\/2025\/02\/prometheus-service.1-1024x665.jpg 1024w, https:\/\/prometheus-web.com\/wp-content\/uploads\/2025\/02\/prometheus-service.1-768x499.jpg 768w, https:\/\/prometheus-web.com\/wp-content\/uploads\/2025\/02\/prometheus-service.1-1536x998.jpg 1536w\" sizes=\"auto, (max-width: 1663px) 100vw, 1663px\" \/><\/figure>\n\n\n\n<div style=\"height:15px\" aria-hidden=\"true\" class=\"wp-block-spacer\"><\/div>\n\n\n\n<div class=\"wp-block-group scroll-fade is-content-justification-left is-layout-constrained wp-container-core-group-is-layout-5c10f4ab wp-block-group-is-layout-constrained\">\n<h3 class=\"wp-block-heading\">Consulenza per l&#8217;efficienza energetica e biocarburanti<\/h3>\n\n\n\n<p>Aiutiamo le aziende a ridurre i loro consumi energetici e a migliorare le<strong> loro prestazioni ambientali<\/strong>.<br>Prometheus offre un servizio completo di diagnosi energetica analizzando il consumo energetico dell\u2019azienda ed identificando le aree di miglioramento.<\/p>\n\n\n\n<p>Implementiamo <strong>Sistemi di Gestione dell&#8217; Energia<\/strong> <strong>ISO 50001<\/strong> per garantire un monitoraggio continuo e ottimizzazioni costanti.<br>Supportiamo inoltre le aziende che operano nel settore dei biocarburanti e del biometano, cruciali per una transizione energetica sostenibile, a garantire la sostenibilit\u00e0 delle loro filiere e ad adempiere ai requisiti normativi.<\/p>\n\n\n\n<div style=\"height:15px\" aria-hidden=\"true\" class=\"wp-block-spacer\"><\/div>\n\n\n\n<div class=\"wp-block-columns is-layout-flex wp-container-core-columns-is-layout-28f84493 wp-block-columns-is-layout-flex\">\n<div class=\"wp-block-column is-layout-flow wp-block-column-is-layout-flow\">\n<h5 class=\"wp-block-heading\">Servizi offerti<\/h5>\n\n\n\n<ul class=\"wp-block-list\">\n<li>Audit energetici secondo la Direttiva UE sull&#8217;Efficienza Energetica e il <strong>Dlgs 102\/2014<\/strong><\/li>\n\n\n\n<li>Implementazione di Sistemi di Gestione dell&#8217;Energia <strong>ISO 50001<\/strong><\/li>\n\n\n\n<li>Monitoraggio e ottimizzazione dei consumi energetici<\/li>\n\n\n\n<li>Soluzioni personalizzate per il risparmio energetico<\/li>\n\n\n\n<li>Consulenza per certificazioni biocarburanti (<strong>ISCC EU, 2BSvs, DM 294 del 07\/08\/2024<\/strong>)<\/li>\n\n\n\n<li>Audit della filiera dei biocarburanti<\/li>\n\n\n\n<li>Supporto nella <strong>certificazione<\/strong> secondo la direttiva RED2<\/li>\n<\/ul>\n<\/div>\n\n\n\n<div class=\"wp-block-column is-layout-flow wp-block-column-is-layout-flow\">\n<h5 class=\"wp-block-heading\"><mark style=\"background-color:rgba(0, 0, 0, 0);color:#20ae71\" class=\"has-inline-color\">Vantaggi<\/mark><\/h5>\n\n\n\n<ul class=\"wp-block-list\">\n<li>Riduzione dei costi energetici<\/li>\n\n\n\n<li>Impatto ambientale ridotto<\/li>\n\n\n\n<li>Conformit\u00e0 alle normative vigenti<\/li>\n\n\n\n<li>Miglioramento delle prestazioni aziendali<\/li>\n\n\n\n<li>Conformit\u00e0 agli standard internazionali<\/li>\n\n\n\n<li>Riduzione delle emissioni di CO2<\/li>\n\n\n\n<li>Supporto nella transizione energetica<\/li>\n\n\n\n<li>Accesso a nuovi mercati sostenibili<\/li>\n<\/ul>\n<\/div>\n<\/div>\n\n\n\n<div class=\"wp-block-buttons is-layout-flex wp-block-buttons-is-layout-flex\">\n<div class=\"wp-block-button\"><a class=\"wp-block-button__link wp-element-button\" href=\"https:\/\/prometheus-web.com\/it\/servizi-di-sostenibilita\/energia-e-biocarburanti\/\">Vai al servizio<\/a><\/div>\n<\/div>\n<\/div>\n<\/section>\n\n\n\n<section class=\"wp-block-group alignfull container-90 is-layout-flow wp-block-group-is-layout-flow\" style=\"border-bottom-color:#cccccc;border-bottom-width:1px;padding-bottom:70px\">\n<div style=\"height:30px\" aria-hidden=\"true\" class=\"wp-block-spacer\"><\/div>\n\n\n\n<figure class=\"wp-block-image size-full has-custom-border scroll-img o-hidden\"><img loading=\"lazy\" decoding=\"async\" width=\"1630\" height=\"1080\" src=\"https:\/\/prometheus-web.com\/wp-content\/uploads\/2025\/02\/prometheus-service-2.jpg\" alt=\"\" class=\"wp-image-539\" style=\"border-radius:30px;aspect-ratio:16\/9;object-fit:cover\" srcset=\"https:\/\/prometheus-web.com\/wp-content\/uploads\/2025\/02\/prometheus-service-2.jpg 1630w, https:\/\/prometheus-web.com\/wp-content\/uploads\/2025\/02\/prometheus-service-2-300x199.jpg 300w, https:\/\/prometheus-web.com\/wp-content\/uploads\/2025\/02\/prometheus-service-2-1024x678.jpg 1024w, https:\/\/prometheus-web.com\/wp-content\/uploads\/2025\/02\/prometheus-service-2-768x509.jpg 768w, https:\/\/prometheus-web.com\/wp-content\/uploads\/2025\/02\/prometheus-service-2-1536x1018.jpg 1536w, https:\/\/prometheus-web.com\/wp-content\/uploads\/2025\/02\/prometheus-service-2-1400x928.jpg 1400w\" sizes=\"auto, (max-width: 1630px) 100vw, 1630px\" \/><\/figure>\n\n\n\n<div style=\"height:15px\" aria-hidden=\"true\" class=\"wp-block-spacer\"><\/div>\n\n\n\n<div class=\"wp-block-group scroll-fade is-content-justification-left is-layout-constrained wp-container-core-group-is-layout-5c10f4ab wp-block-group-is-layout-constrained\">\n<h3 class=\"wp-block-heading\">Valutazione del ciclo di vita (LCA), Gas a effetto serra, Decarbonizzazione e CBAM<\/h3>\n\n\n\n<p>Per avviare un processo di decarbonizzazione efficace, \u00e8 fondamentale misurare con precisione le emissioni di CO\u2082: Prometheus offre un servizio di <strong>Valutazione del Ciclo di Vita<\/strong> (LCA) e calcolo dell\u2019inventario dei <strong>gas a effetto serra<\/strong> (GHG), supportando le aziende nello sviluppo di strategie per la riduzione delle emissioni.<br>Assistiamo le aziende ad adempiere ai nuovi obblighi previsti dal <strong>Meccanismo di Adeguamento del Carbonio alla Frontiera<\/strong> (CBAM), supportandole nella raccolta e comunicazione dei dati di emissione, per garantire conformit\u00e0 alle nuove regolamentazioni.<\/p>\n\n\n\n<div style=\"height:15px\" aria-hidden=\"true\" class=\"wp-block-spacer\"><\/div>\n\n\n\n<div class=\"wp-block-columns is-layout-flex wp-container-core-columns-is-layout-28f84493 wp-block-columns-is-layout-flex\">\n<div class=\"wp-block-column is-layout-flow wp-block-column-is-layout-flow\">\n<h5 class=\"wp-block-heading\">Servizi offerti<\/h5>\n\n\n\n<ul class=\"wp-block-list\">\n<li>Calcolo delle emissioni di CO2 (Carbon Footprint)<\/li>\n\n\n\n<li>Inventario GHG secondo <strong>ISO 14064, ISO 14067, GHG Protocol<\/strong><\/li>\n\n\n\n<li>Sviluppo di strategie di riduzione e compensazione delle emissioni<\/li>\n\n\n\n<li>Raccolta di dati sulle emissioni da produttori extra-UE<\/li>\n\n\n\n<li>Comunicazione delle emissioni alle autorit\u00e0 competenti<\/li>\n\n\n\n<li>Supporto nella gestione delle emissioni incorporate<\/li>\n<\/ul>\n<\/div>\n\n\n\n<div class=\"wp-block-column is-layout-flow wp-block-column-is-layout-flow\">\n<h5 class=\"wp-block-heading\"><mark style=\"background-color:rgba(0, 0, 0, 0);color:#20ae71\" class=\"has-inline-color\">Vantaggi<\/mark><\/h5>\n\n\n\n<ul class=\"wp-block-list\">\n<li>Identificazione accurata delle fonti emissive<\/li>\n\n\n\n<li>Pianificazione di strategie di riduzione efficaci<\/li>\n\n\n\n<li>Conformit\u00e0 agli standard internazionali<\/li>\n\n\n\n<li>Miglioramento dell\u2019immagine aziendale<\/li>\n\n\n\n<li>Adeguamento alle nuove normative UE<\/li>\n\n\n\n<li>Riduzione dei rischi normativi<\/li>\n\n\n\n<li>Ottimizzazione della gestione delle emissioni<\/li>\n<\/ul>\n<\/div>\n<\/div>\n\n\n\n<div class=\"wp-block-buttons is-layout-flex wp-block-buttons-is-layout-flex\">\n<div class=\"wp-block-button\"><a class=\"wp-block-button__link wp-element-button\" href=\"https:\/\/prometheus-web.com\/it\/servizi-di-sostenibilita\/co2-e-gas-effetto-serra\/\">Vai al servizio<\/a><\/div>\n<\/div>\n<\/div>\n<\/section>\n\n\n\n<section class=\"wp-block-group alignfull container-90 is-layout-flow wp-block-group-is-layout-flow\" style=\"border-bottom-color:#cccccc;border-bottom-width:1px;padding-bottom:70px\">\n<div style=\"height:30px\" aria-hidden=\"true\" class=\"wp-block-spacer\"><\/div>\n\n\n\n<figure class=\"wp-block-image size-full has-custom-border scroll-img o-hidden\"><img loading=\"lazy\" decoding=\"async\" width=\"1626\" height=\"1080\" src=\"https:\/\/prometheus-web.com\/wp-content\/uploads\/2025\/02\/magnifying-glass-4490044_1920.jpg\" alt=\"\" class=\"wp-image-542\" style=\"border-radius:30px;aspect-ratio:16\/9;object-fit:cover\" srcset=\"https:\/\/prometheus-web.com\/wp-content\/uploads\/2025\/02\/magnifying-glass-4490044_1920.jpg 1626w, https:\/\/prometheus-web.com\/wp-content\/uploads\/2025\/02\/magnifying-glass-4490044_1920-300x199.jpg 300w, https:\/\/prometheus-web.com\/wp-content\/uploads\/2025\/02\/magnifying-glass-4490044_1920-1024x680.jpg 1024w, https:\/\/prometheus-web.com\/wp-content\/uploads\/2025\/02\/magnifying-glass-4490044_1920-768x510.jpg 768w, https:\/\/prometheus-web.com\/wp-content\/uploads\/2025\/02\/magnifying-glass-4490044_1920-1536x1020.jpg 1536w\" sizes=\"auto, (max-width: 1626px) 100vw, 1626px\" \/><\/figure>\n\n\n\n<div style=\"height:15px\" aria-hidden=\"true\" class=\"wp-block-spacer\"><\/div>\n\n\n\n<div class=\"wp-block-group scroll-fade is-content-justification-left is-layout-constrained wp-container-core-group-is-layout-5c10f4ab wp-block-group-is-layout-constrained\">\n<h3 class=\"wp-block-heading\">Sostenibilit\u00e0 e Audit della Catena di Approvvigionamento<\/h3>\n\n\n\n<p>Con la crescente domanda di prodotti sostenibili, \u00e8 fondamentale supportare i propri claim con dati concreti. Grazie al nostro servizio, forniamo supporto alle aziende che vogliono certificare le loro filiere secondo schemi riconosciuti a livello internazionale, come <strong>ISCC PLUS<\/strong>.<br>Il nostro team di auditori qualificati offre inoltre <strong>servizi di auditing<\/strong> per garantire la conformit\u00e0 ai pi\u00f9 alti standard internazionali: collaboriamo con i principali enti di certificazione per verifiche di prima, seconda e terza parte.<\/p>\n\n\n\n<div style=\"height:15px\" aria-hidden=\"true\" class=\"wp-block-spacer\"><\/div>\n\n\n\n<div class=\"wp-block-columns is-layout-flex wp-container-core-columns-is-layout-28f84493 wp-block-columns-is-layout-flex\">\n<div class=\"wp-block-column is-layout-flow wp-block-column-is-layout-flow\">\n<h5 class=\"wp-block-heading\">Servizi offerti<\/h5>\n\n\n\n<ul class=\"wp-block-list\">\n<li>Supporto alla <strong>certificazione ISCC PLUS<\/strong><\/li>\n\n\n\n<li>Analisi e ottimizzazione delle filiere produttive<\/li>\n\n\n\n<li>Verifica della sostenibilit\u00e0 di materiali e processi<\/li>\n\n\n\n<li>Controlli di conformit\u00e0 secondo <strong>ISCC EU, 2BSvs, ISO 14064, ISO 14067, ISO 9001, ISO 14001, ISO 45001, ISO 50001<\/strong><\/li>\n\n\n\n<li>Audit delle filiere produttive<\/li>\n\n\n\n<li><strong>Supporto<\/strong> alle certificazioni<\/li>\n<\/ul>\n<\/div>\n\n\n\n<div class=\"wp-block-column is-layout-flow wp-block-column-is-layout-flow\">\n<h5 class=\"wp-block-heading\"><mark style=\"background-color:rgba(0, 0, 0, 0);color:#20ae71\" class=\"has-inline-color\">Vantaggi<\/mark><\/h5>\n\n\n\n<ul class=\"wp-block-list\">\n<li>Miglioramento dell\u2019immagine aziendale<\/li>\n\n\n\n<li>Aumento della fiducia dei consumatori<\/li>\n\n\n\n<li>Accesso a mercati sostenibili<\/li>\n\n\n\n<li>Conformit\u00e0 alle normative internazionali<\/li>\n\n\n\n<li>Conformit\u00e0 agli standard internazionali<\/li>\n\n\n\n<li>Miglioramento delle performance aziendali<\/li>\n\n\n\n<li>Accesso a nuovi mercati<\/li>\n<\/ul>\n<\/div>\n<\/div>\n\n\n\n<div class=\"wp-block-buttons is-layout-flex wp-block-buttons-is-layout-flex\">\n<div class=\"wp-block-button\"><a class=\"wp-block-button__link wp-element-button\" href=\"https:\/\/prometheus-web.com\/it\/servizi-di-sostenibilita\/sistemi-di-tracciabilita\/\">Vai al servizio<\/a><\/div>\n<\/div>\n<\/div>\n<\/section>\n\n\n\n<section class=\"wp-block-group alignfull container-90 is-layout-flow wp-block-group-is-layout-flow\" style=\"border-bottom-style:none;border-bottom-width:0px\">\n<div style=\"height:30px\" aria-hidden=\"true\" class=\"wp-block-spacer\"><\/div>\n\n\n\n<figure class=\"wp-block-image size-full has-custom-border scroll-img o-hidden\"><img loading=\"lazy\" decoding=\"async\" width=\"1618\" height=\"1080\" src=\"https:\/\/prometheus-web.com\/wp-content\/uploads\/2025\/02\/Data-analysis-prometheus-scaled.jpg\" alt=\"\" class=\"wp-image-555\" style=\"border-radius:30px;aspect-ratio:16\/9;object-fit:cover\" srcset=\"https:\/\/prometheus-web.com\/wp-content\/uploads\/2025\/02\/Data-analysis-prometheus-scaled.jpg 1618w, https:\/\/prometheus-web.com\/wp-content\/uploads\/2025\/02\/Data-analysis-prometheus-300x200.jpg 300w, https:\/\/prometheus-web.com\/wp-content\/uploads\/2025\/02\/Data-analysis-prometheus-1024x684.jpg 1024w, https:\/\/prometheus-web.com\/wp-content\/uploads\/2025\/02\/Data-analysis-prometheus-768x513.jpg 768w, https:\/\/prometheus-web.com\/wp-content\/uploads\/2025\/02\/Data-analysis-prometheus-1536x1025.jpg 1536w, https:\/\/prometheus-web.com\/wp-content\/uploads\/2025\/02\/Data-analysis-prometheus-2048x1367.jpg 2048w\" sizes=\"auto, (max-width: 1618px) 100vw, 1618px\" \/><\/figure>\n\n\n\n<div style=\"height:15px\" aria-hidden=\"true\" class=\"wp-block-spacer\"><\/div>\n\n\n\n<div class=\"wp-block-group scroll-fade is-content-justification-left is-layout-constrained wp-container-core-group-is-layout-5c10f4ab wp-block-group-is-layout-constrained\">\n<h3 class=\"wp-block-heading\">ESG e CSR<\/h3>\n\n\n\n<p><strong>La sostenibilit\u00e0 \u00e8 un pilastro delle moderne strategie aziendali.<\/strong><br>Prometheus aiuta a sviluppare e implementare strategie <strong>ESG <\/strong>(Ambientali, Sociali, di Governance) e <strong>CSR<\/strong> (Responsabilit\u00e0 Sociale d\u2019Impresa) integrate nel core business aziendale, garantendo una gestione trasparente e responsabile.<br>Studiamo, analizziamo e redigiamo report di sostenibilit\u00e0 per soddisfare i requisiti della <strong>Direttiva CSRD<\/strong>.<\/p>\n\n\n\n<div style=\"height:15px\" aria-hidden=\"true\" class=\"wp-block-spacer\"><\/div>\n\n\n\n<div class=\"wp-block-columns is-layout-flex wp-container-core-columns-is-layout-28f84493 wp-block-columns-is-layout-flex\">\n<div class=\"wp-block-column is-layout-flow wp-block-column-is-layout-flow\">\n<h5 class=\"wp-block-heading\">Servizi offerti<\/h5>\n\n\n\n<ul class=\"wp-block-list\">\n<li>Analisi degli obblighi secondo la<strong> Direttiva CSRD<\/strong><\/li>\n\n\n\n<li>Raccolta e analisi dei dati di sostenibilit\u00e0<\/li>\n\n\n\n<li>Preparazione di <strong>report di sostenibilit\u00e0<\/strong><\/li>\n<\/ul>\n<\/div>\n\n\n\n<div class=\"wp-block-column is-layout-flow wp-block-column-is-layout-flow\">\n<h5 class=\"wp-block-heading\"><mark style=\"background-color:rgba(0, 0, 0, 0);color:#20ae71\" class=\"has-inline-color\">Vantaggi<\/mark><\/h5>\n\n\n\n<ul class=\"wp-block-list\">\n<li>Conformit\u00e0 alle normative CSR<\/li>\n\n\n\n<li>Miglioramento della trasparenza aziendale<\/li>\n\n\n\n<li>Rafforzamento della fiducia degli stakeholder<\/li>\n<\/ul>\n<\/div>\n<\/div>\n\n\n\n<div class=\"wp-block-buttons is-layout-flex wp-block-buttons-is-layout-flex\">\n<div class=\"wp-block-button\"><a class=\"wp-block-button__link wp-element-button\" href=\"https:\/\/prometheus-web.com\/it\/servizi-di-sostenibilita\/soluzioni-esg-e-csr\/\">Vai al servizio<\/a><\/div>\n<\/div>\n<\/div>\n<\/section>\n\n\n\n<section class=\"wp-block-group alignfull container-90 banner is-vertical is-content-justification-left is-nowrap is-layout-flex wp-container-core-group-is-layout-575694c0 wp-block-group-is-layout-flex has-background\" style=\"border-radius:30px;min-height:600px;margin-top:100px;padding-top:5vw;padding-right:5vw;padding-bottom:5vw;padding-left:5vw;background-image:url(&apos;https:\/\/prometheus-web.com\/wp-content\/uploads\/2024\/09\/banner-contatti-2-Prometheus.jpg&apos;);background-position:77% 24%;background-size:cover;\">\n<div class=\"wp-block-group scroll-fade-right banner-inner is-layout-constrained wp-block-group-is-layout-constrained\">\n<h2 class=\"wp-block-heading has-white-color has-text-color has-link-color wp-elements-85bf8a98082a367bdbaa284263128252\">Contattaci<\/h2>\n\n\n\n<p class=\"has-white-color has-text-color has-link-color wp-elements-0be86c80138cced8d011f9b940a8c7c7\">Siamo qui per aiutare la tua azienda a diventare pi\u00f9 sostenibile. Collaborando con noi, scoprirai come la sostenibilit\u00e0 pu\u00f2 trasformarsi in un vantaggio competitivo e un valore aggiunto per il tuo business.<\/p>\n\n\n\n<p class=\"has-white-color has-text-color has-link-color wp-elements-365102c9e97b03f7a83d4a9b2566c4ea\"><strong>Contattaci per una consulenza personalizzata e scopri come Prometheus pu\u00f2 supportarti nel tuo percorso verso la sostenibilit\u00e0.<\/strong><\/p>\n\n\n\n<div class=\"wp-block-buttons is-layout-flex wp-block-buttons-is-layout-flex\">\n<div class=\"wp-block-button\"><a class=\"wp-block-button__link wp-element-button\" href=\"https:\/\/prometheus-web.com\/it\/contatti\/\">Richiedi consulenza<\/a><\/div>\n<\/div>\n<\/div>\n<\/section>\n","protected":false},"excerpt":{"rendered":"<p>Soluzioni per la sostenibilit\u00e0 Implementa pratiche ecosostenibili e inizia oggi il tuo percorso verso la decarbonizzazione con&#8230;<\/p>\n","protected":false},"author":1,"featured_media":0,"parent":0,"menu_order":0,"comment_status":"closed","ping_status":"closed","template":"","meta":{"_acf_changed":false,"footnotes":""},"class_list":["post-744","page","type-page","status-publish","hentry"],"acf":[],"_links":{"self":[{"href":"https:\/\/prometheus-web.com\/it\/wp-json\/wp\/v2\/pages\/744","targetHints":{"allow":["GET"]}}],"collection":[{"href":"https:\/\/prometheus-web.com\/it\/wp-json\/wp\/v2\/pages"}],"about":[{"href":"https:\/\/prometheus-web.com\/it\/wp-json\/wp\/v2\/types\/page"}],"author":[{"embeddable":true,"href":"https:\/\/prometheus-web.com\/it\/wp-json\/wp\/v2\/users\/1"}],"replies":[{"embeddable":true,"href":"https:\/\/prometheus-web.com\/it\/wp-json\/wp\/v2\/comments?post=744"}],"version-history":[{"count":7,"href":"https:\/\/prometheus-web.com\/it\/wp-json\/wp\/v2\/pages\/744\/revisions"}],"predecessor-version":[{"id":817,"href":"https:\/\/prometheus-web.com\/it\/wp-json\/wp\/v2\/pages\/744\/revisions\/817"}],"wp:attachment":[{"href":"https:\/\/prometheus-web.com\/it\/wp-json\/wp\/v2\/media?parent=744"}],"curies":[{"name":"wp","href":"https:\/\/api.w.org\/{rel}","templated":true}]}}