{"id":748,"date":"2024-09-12T16:23:12","date_gmt":"2024-09-12T16:23:12","guid":{"rendered":"https:\/\/prometheus-web.com\/sustainability-services\/energy-biofuel-solution\/"},"modified":"2025-02-20T21:42:31","modified_gmt":"2025-02-20T21:42:31","slug":"energia-e-biocarburanti","status":"publish","type":"page","link":"https:\/\/prometheus-web.com\/it\/servizi-di-sostenibilita\/energia-e-biocarburanti\/","title":{"rendered":"Energia e biocarburanti"},"content":{"rendered":"\n<div class=\"wp-block-group alignfull container-90 scroll-fade-right is-content-justification-left is-layout-constrained wp-container-core-group-is-layout-04d632e2 wp-block-group-is-layout-constrained\">\n<h2 class=\"wp-block-heading\">Efficienza energetica per <mark style=\"background-color:rgba(0, 0, 0, 0)\" class=\"has-inline-color has-vivid-green-cyan-color\">un futuro sostenibile<\/mark><\/h2>\n\n\n\n<p class=\"size-md\">La vera sostenibilit\u00e0 si fonda sulla <strong>riduzione dei consumi<\/strong> a parit\u00e0 di servizio mantenendo il comfort.<br>Il team Prometheus offre diagnosi energetiche dettagliate (<strong>Dlgs 102\/2014<\/strong>) e implementazioni di sistemi di gestione energetica <strong>ISO 50001<\/strong> di monitoraggio, garantendo risultati tangibili e un minore impatto ambientale.<\/p>\n<\/div>\n\n\n\n<section class=\"wp-block-group alignfull container-90 is-layout-flow wp-block-group-is-layout-flow\" style=\"border-bottom-style:none;border-bottom-width:0px\">\n<div style=\"height:50px\" aria-hidden=\"true\" class=\"wp-block-spacer\"><\/div>\n\n\n\n<figure class=\"wp-block-image size-full has-custom-border scroll-img o-hidden\"><img loading=\"lazy\" decoding=\"async\" width=\"1920\" height=\"1080\" src=\"https:\/\/prometheus-web.com\/wp-content\/uploads\/2024\/09\/sustainable-Future-Prometheus.jpg\" alt=\"\" class=\"wp-image-477\" style=\"border-radius:30px;aspect-ratio:16\/9;object-fit:cover\" srcset=\"https:\/\/prometheus-web.com\/wp-content\/uploads\/2024\/09\/sustainable-Future-Prometheus.jpg 1920w, https:\/\/prometheus-web.com\/wp-content\/uploads\/2024\/09\/sustainable-Future-Prometheus-300x169.jpg 300w, https:\/\/prometheus-web.com\/wp-content\/uploads\/2024\/09\/sustainable-Future-Prometheus-1024x576.jpg 1024w, https:\/\/prometheus-web.com\/wp-content\/uploads\/2024\/09\/sustainable-Future-Prometheus-768x432.jpg 768w, https:\/\/prometheus-web.com\/wp-content\/uploads\/2024\/09\/sustainable-Future-Prometheus-1536x864.jpg 1536w\" sizes=\"auto, (max-width: 1920px) 100vw, 1920px\" \/><\/figure>\n\n\n\n<div style=\"height:15px\" aria-hidden=\"true\" class=\"wp-block-spacer\"><\/div>\n\n\n\n<div class=\"wp-block-group scroll-fade is-content-justification-left is-layout-constrained wp-container-core-group-is-layout-5c10f4ab wp-block-group-is-layout-constrained\">\n<h3 class=\"wp-block-heading\">Biocarburanti e Biometano:<\/h3>\n\n\n\n<div style=\"height:10px\" aria-hidden=\"true\" class=\"wp-block-spacer\"><\/div>\n\n\n\n<h4 class=\"wp-block-heading\"><mark style=\"background-color:rgba(0, 0, 0, 0);color:#20ae71\" class=\"has-inline-color\">La chiave per la decarbonizzazione<\/mark><\/h4>\n\n\n\n<p><strong>Le fonti rinnovabili sono un elemento fondamentale per la decarbonizzazione e i biocarburanti sono i combustibili pi\u00f9 promettenti nel breve-medio periodo, in modo da garantire una transizione energetica sostenibile anche sul lato sociale e finanziario.<\/strong><\/p>\n\n\n\n<p>Prometheus lavora da molti anni in tutto il mondo per garantire la sostenibilit\u00e0 delle filiere di biofuel fornendo c<strong>onsulenza e audit alle aziende <\/strong>che operano nel settore, in particolare secondo gli schemi <strong>RED2 <\/strong>come ISCC EU, 2BSvs e DM 14.11.2019 (<strong>Sistema Nazionale di Certificazione dei Biocarburanti<\/strong>)<\/p>\n<\/div>\n<\/section>\n\n\n\n<section class=\"wp-block-group alignfull servizi-correlati container-90 is-layout-flow wp-block-group-is-layout-flow\" style=\"padding-top:0\">\n<h3 class=\"wp-block-heading\" style=\"font-size:1.7rem\">Servizi per la tua azienda<\/h3>\n\n\n\n<div class=\"wp-block-columns is-layout-flex wp-container-core-columns-is-layout-dc63b7a3 wp-block-columns-is-layout-flex\" style=\"margin-top:var(--wp--preset--spacing--60)\">\n<div class=\"wp-block-column is-vertically-aligned-center card-servizio-correlato scroll-fade is-layout-flow wp-block-column-is-layout-flow\" style=\"border-radius:22px;padding-top:var(--wp--preset--spacing--60);padding-right:var(--wp--preset--spacing--60);padding-bottom:var(--wp--preset--spacing--60);padding-left:var(--wp--preset--spacing--60)\">\n<h4 class=\"wp-block-heading has-text-align-center has-large-font-size\">Riduci le tue emissioni di CO2<\/h4>\n\n\n\n<p class=\"has-text-align-center\">Porta la tua azienda verso un futuro a <strong>basse emissioni<\/strong> con i nostri servizi di calcolo, riduzione e compensazione delle emissioni.<\/p>\n\n\n\n<div class=\"wp-block-buttons is-content-justification-center is-layout-flex wp-container-core-buttons-is-layout-a89b3969 wp-block-buttons-is-layout-flex\">\n<div class=\"wp-block-button\"><a class=\"wp-block-button__link wp-element-button\" href=\"https:\/\/prometheus-web.com\/it\/servizi-di-sostenibilita\/co2-e-gas-effetto-serra\/\">Esplora di pi\u00f9<\/a><\/div>\n<\/div>\n<\/div>\n\n\n\n<div class=\"wp-block-column is-vertically-aligned-center card-servizio-correlato scroll-fade is-layout-flow wp-block-column-is-layout-flow\" style=\"border-radius:22px;padding-top:var(--wp--preset--spacing--60);padding-right:var(--wp--preset--spacing--60);padding-bottom:var(--wp--preset--spacing--60);padding-left:var(--wp--preset--spacing--60)\">\n<h4 class=\"wp-block-heading has-text-align-center has-large-font-size\">Sistemi di tracciabilit\u00e0 e sostenibilit\u00e0<\/h4>\n\n\n\n<p class=\"has-text-align-center\">Verifica l&#8217;origine e l&#8217;<strong>impatto ambientale dei tuoi prodotti<\/strong> con i nostri sistemi di certificazione e auditing<\/p>\n\n\n\n<div class=\"wp-block-buttons is-content-justification-center is-layout-flex wp-container-core-buttons-is-layout-a89b3969 wp-block-buttons-is-layout-flex\">\n<div class=\"wp-block-button\"><a class=\"wp-block-button__link wp-element-button\" href=\"https:\/\/prometheus-web.com\/it\/servizi-di-sostenibilita\/sistemi-di-tracciabilita\/\">Esplora di pi\u00f9<\/a><\/div>\n<\/div>\n<\/div>\n\n\n\n<div class=\"wp-block-column is-vertically-aligned-center card-servizio-correlato scroll-fade is-layout-flow wp-block-column-is-layout-flow\" style=\"border-radius:22px;padding-top:var(--wp--preset--spacing--60);padding-right:var(--wp--preset--spacing--60);padding-bottom:var(--wp--preset--spacing--60);padding-left:var(--wp--preset--spacing--60)\">\n<h4 class=\"wp-block-heading has-text-align-center has-large-font-size\">Integra la sostenibilit\u00e0 con ESG e CSR<\/h4>\n\n\n\n<p class=\"has-text-align-center\">Rendi la tua azienda pi\u00f9 responsabile e trasparente con i nostri servizi di consulenza <strong>ESG e CSR<\/strong>.<\/p>\n\n\n\n<div class=\"wp-block-buttons is-content-justification-center is-layout-flex wp-container-core-buttons-is-layout-a89b3969 wp-block-buttons-is-layout-flex\">\n<div class=\"wp-block-button\"><a class=\"wp-block-button__link wp-element-button\" href=\"https:\/\/prometheus-web.com\/it\/servizi-di-sostenibilita\/soluzioni-esg-e-csr\/\">Esplora di pi\u00f9<\/a><\/div>\n<\/div>\n<\/div>\n<\/div>\n<\/section>\n\n\n\n<section class=\"wp-block-group alignfull container-90 banner is-vertical is-content-justification-left is-nowrap is-layout-flex wp-container-core-group-is-layout-99cd7ecc wp-block-group-is-layout-flex has-background\" style=\"border-radius:30px;min-height:600px;margin-top:80px;padding-top:5vw;padding-right:5vw;padding-bottom:5vw;padding-left:5vw;background-image:url(&apos;https:\/\/prometheus-web.com\/wp-content\/uploads\/2024\/09\/banner-contatti-2-Prometheus.jpg&apos;);background-position:81% 27%;background-size:cover;\">\n<div class=\"wp-block-group scroll-fade-right banner-inner is-layout-constrained wp-block-group-is-layout-constrained\">\n<h2 class=\"wp-block-heading has-white-color has-text-color has-link-color wp-elements-8d02058c19c406629825d680f895cead\">Contattaci oggi<\/h2>\n\n\n\n<p class=\"has-white-color has-text-color has-link-color wp-elements-465e986f6ccc49c59c70addb8f6f2854\">Siamo qui per rendere la tua azienda pi\u00f9 sostenibile. Collaborando con noi, scoprirai come la sostenibilit\u00e0 pu\u00f2 trasformarsi in un vantaggio competitivo e un valore aggiunto per il tuo business.<\/p>\n\n\n\n<p class=\"has-white-color has-text-color has-link-color wp-elements-365102c9e97b03f7a83d4a9b2566c4ea\"><strong>Contattaci per una consulenza personalizzata e scopri come Prometheus pu\u00f2 supportarti nel tuo percorso verso la sostenibilit\u00e0.<\/strong><\/p>\n\n\n\n<div class=\"wp-block-buttons is-layout-flex wp-block-buttons-is-layout-flex\">\n<div class=\"wp-block-button\"><a class=\"wp-block-button__link wp-element-button\" href=\"https:\/\/prometheus-web.com\/it\/contatti\/\">Richiedi consulenza<\/a><\/div>\n<\/div>\n<\/div>\n<\/section>\n\n\n\n<div style=\"height:100px\" aria-hidden=\"true\" class=\"wp-block-spacer\"><\/div>\n","protected":false},"excerpt":{"rendered":"<p>Efficienza energetica per un futuro sostenibile La vera sostenibilit\u00e0 si fonda sulla riduzione dei consumi a parit\u00e0&#8230;<\/p>\n","protected":false},"author":1,"featured_media":721,"parent":744,"menu_order":0,"comment_status":"closed","ping_status":"closed","template":"template\/page-standard.php","meta":{"_acf_changed":false,"footnotes":""},"class_list":["post-748","page","type-page","status-publish","has-post-thumbnail","hentry"],"acf":[],"_links":{"self":[{"href":"https:\/\/prometheus-web.com\/it\/wp-json\/wp\/v2\/pages\/748","targetHints":{"allow":["GET"]}}],"collection":[{"href":"https:\/\/prometheus-web.com\/it\/wp-json\/wp\/v2\/pages"}],"about":[{"href":"https:\/\/prometheus-web.com\/it\/wp-json\/wp\/v2\/types\/page"}],"author":[{"embeddable":true,"href":"https:\/\/prometheus-web.com\/it\/wp-json\/wp\/v2\/users\/1"}],"replies":[{"embeddable":true,"href":"https:\/\/prometheus-web.com\/it\/wp-json\/wp\/v2\/comments?post=748"}],"version-history":[{"count":4,"href":"https:\/\/prometheus-web.com\/it\/wp-json\/wp\/v2\/pages\/748\/revisions"}],"predecessor-version":[{"id":813,"href":"https:\/\/prometheus-web.com\/it\/wp-json\/wp\/v2\/pages\/748\/revisions\/813"}],"up":[{"embeddable":true,"href":"https:\/\/prometheus-web.com\/it\/wp-json\/wp\/v2\/pages\/744"}],"wp:featuredmedia":[{"embeddable":true,"href":"https:\/\/prometheus-web.com\/it\/wp-json\/wp\/v2\/media\/721"}],"wp:attachment":[{"href":"https:\/\/prometheus-web.com\/it\/wp-json\/wp\/v2\/media?parent=748"}],"curies":[{"name":"wp","href":"https:\/\/api.w.org\/{rel}","templated":true}]}}