{"id":750,"date":"2024-09-12T16:23:23","date_gmt":"2024-09-12T16:23:23","guid":{"rendered":"https:\/\/prometheus-web.com\/sustainability-services\/esg-and-csr-solutions\/"},"modified":"2025-02-20T21:26:12","modified_gmt":"2025-02-20T21:26:12","slug":"soluzioni-esg-e-csr","status":"publish","type":"page","link":"https:\/\/prometheus-web.com\/it\/servizi-di-sostenibilita\/soluzioni-esg-e-csr\/","title":{"rendered":"ESG e CSR"},"content":{"rendered":"\n<div class=\"wp-block-group alignfull container-90 scroll-fade-right is-content-justification-left is-layout-constrained wp-container-core-group-is-layout-04d632e2 wp-block-group-is-layout-constrained\">\n<h2 class=\"wp-block-heading\">L&#8217;Integrazione della sostenibilit\u00e0 nelle <mark style=\"background-color:rgba(0, 0, 0, 0)\" class=\"has-inline-color has-vivid-green-cyan-color\">strategie aziendali<\/mark><\/h2>\n\n\n\n<p>Nel contesto competitivo attuale, adottare soluzioni <strong>ESG<\/strong> e <strong>CSR<\/strong> efficaci \u00e8 fondamentale per allineare le strategie aziendali agli standard globali di sostenibilit\u00e0. Prometheus consente alle aziende di integrare le<strong> pratiche ESG<\/strong> in modo fluido, garantendo conformit\u00e0, trasparenza e creazione di valore a lungo termine.<\/p>\n\n\n\n<p class=\"size-md\"><strong>Prometheus ti guida in questo percorso, assicurandoti conformit\u00e0 normativa e un impatto positivo.<\/strong><\/p>\n<\/div>\n\n\n\n<section class=\"wp-block-group alignfull container-90 is-layout-flow wp-block-group-is-layout-flow\" style=\"border-bottom-style:none;border-bottom-width:0px\">\n<div style=\"height:20px\" aria-hidden=\"true\" class=\"wp-block-spacer\"><\/div>\n\n\n\n<figure class=\"wp-block-image size-full has-custom-border scroll-img o-hidden\"><img loading=\"lazy\" decoding=\"async\" width=\"1920\" height=\"1080\" src=\"https:\/\/prometheus-web.com\/wp-content\/uploads\/2024\/09\/Supply-chain-sustainability-Prometheus.jpg\" alt=\"\" class=\"wp-image-476\" style=\"border-radius:30px;aspect-ratio:16\/9;object-fit:cover\" srcset=\"https:\/\/prometheus-web.com\/wp-content\/uploads\/2024\/09\/Supply-chain-sustainability-Prometheus.jpg 1920w, https:\/\/prometheus-web.com\/wp-content\/uploads\/2024\/09\/Supply-chain-sustainability-Prometheus-300x169.jpg 300w, https:\/\/prometheus-web.com\/wp-content\/uploads\/2024\/09\/Supply-chain-sustainability-Prometheus-1024x576.jpg 1024w, https:\/\/prometheus-web.com\/wp-content\/uploads\/2024\/09\/Supply-chain-sustainability-Prometheus-768x432.jpg 768w, https:\/\/prometheus-web.com\/wp-content\/uploads\/2024\/09\/Supply-chain-sustainability-Prometheus-1536x864.jpg 1536w\" sizes=\"auto, (max-width: 1920px) 100vw, 1920px\" \/><\/figure>\n\n\n\n<div style=\"height:15px\" aria-hidden=\"true\" class=\"wp-block-spacer\"><\/div>\n\n\n\n<div class=\"wp-block-group scroll-fade is-content-justification-left is-layout-constrained wp-container-core-group-is-layout-5c10f4ab wp-block-group-is-layout-constrained\">\n<h3 class=\"wp-block-heading\">L&#8217;importanza della Direttiva CSR<\/h3>\n\n\n\n<p><br>La Direttiva CSR (<strong>CSRD<\/strong>) amplia significativamente il numero di aziende obbligate a redigere report di sostenibilit\u00e0.<br>L\u2019obiettivo \u00e8 garantire che le imprese comunichino in modo trasparente <strong>gli impatti ambientali<\/strong>, sociali e i rischi a cui sono esposte, rendendo cos\u00ec le operazioni aziendali pi\u00f9 responsabili e sostenibili.<\/p>\n\n\n\n<div style=\"height:20px\" aria-hidden=\"true\" class=\"wp-block-spacer\"><\/div>\n\n\n\n<section class=\"wp-block-group alignfull media-testo-custom is-content-justification-left is-nowrap is-layout-flex wp-container-core-group-is-layout-4e78828a wp-block-group-is-layout-flex\">\n<div class=\"wp-block-group col-media is-layout-flow wp-block-group-is-layout-flow\">\n<h3 class=\"wp-block-heading scroll-fade-right\">Chi \u00e8 obbligato a <mark style=\"background-color:rgba(0, 0, 0, 0)\" class=\"has-inline-color has-vivid-green-cyan-color\">conformarsi alla CSRD<\/mark>?<\/h3>\n\n\n\n<p><strong>La CSRD impone obblighi di rendicontazione a:<\/strong><\/p>\n\n\n\n<ul class=\"wp-block-list\">\n<li>Grandi imprese di interesse pubblico con pi\u00f9<strong> di 500 dipendenti<\/strong>, dal 1\u00b0 gennaio 2024.<\/li>\n\n\n\n<li>Grandi imprese con pi\u00f9 di <strong>250 dipendenti<\/strong> e\/o 50 milioni di euro di fatturato, dal 1\u00b0 gennaio 2025.<\/li>\n\n\n\n<li><strong>PMI<\/strong> e altre imprese quotate, dal 1\u00b0 gennaio 2026.<\/li>\n\n\n\n<li><strong>Societ\u00e0 non UE<\/strong> con filiali nell\u2019UE e fatturato consolidato UE superiore a 150 milioni di euro, dal 1\u00b0 gennaio 2028.<\/li>\n<\/ul>\n<\/div>\n\n\n\n<div class=\"wp-block-group col-text slider-team has-background is-layout-flow wp-block-group-is-layout-flow\" style=\"border-radius:30px;background-color:#20ae71;padding-top:50px;padding-right:50px;padding-bottom:50px;padding-left:50px\">\n<h3 class=\"wp-block-heading has-text-align-center has-white-color has-text-color has-link-color wp-elements-df43b1b497969f167341523e23c8c50d\">Raggiungi la Conformit\u00e0 alla Direttiva CSRD con le Soluzioni ESG di Prometheus<\/h3>\n\n\n\n<p class=\"has-text-align-center has-white-color has-text-color has-link-color wp-elements-d9be130fa5ca018de5e0d47914bd61ec\"><strong>Prometheus offre consulenza specializzata per aiutare la tua azienda a comprendere gli obblighi di conformit\u00e0, implementare piani di raccolta dati e redigere report allineati ai requisiti della Direttiva CSRD. Con il nostro supporto, la tua azienda non solo rispetter\u00e0 le normative, ma si posizioner\u00e0 come leader nella sostenibilit\u00e0.<\/strong><br><\/p>\n<\/div>\n<\/section>\n<\/div>\n<\/section>\n\n\n\n<section class=\"wp-block-group alignfull servizi-correlati container-90 is-layout-flow wp-block-group-is-layout-flow\" style=\"padding-top:0\">\n<h3 class=\"wp-block-heading\" style=\"font-size:1.7rem\">Esplora tutti i servizi strategici<\/h3>\n\n\n\n<div class=\"wp-block-columns is-layout-flex wp-container-core-columns-is-layout-dc63b7a3 wp-block-columns-is-layout-flex\" style=\"margin-top:var(--wp--preset--spacing--60)\">\n<div class=\"wp-block-column is-vertically-aligned-center card-servizio-correlato scroll-fade is-layout-flow wp-block-column-is-layout-flow\" style=\"border-radius:22px;padding-top:var(--wp--preset--spacing--60);padding-right:var(--wp--preset--spacing--60);padding-bottom:var(--wp--preset--spacing--60);padding-left:var(--wp--preset--spacing--60)\">\n<h4 class=\"wp-block-heading has-text-align-center has-large-font-size\">Energia e biocarburanti<\/h4>\n\n\n\n<p class=\"has-text-align-center\">Esplora soluzioni innovative per l\u2019efficienza energetica e biocarburanti sostenibili.<\/p>\n\n\n\n<div class=\"wp-block-buttons is-content-justification-center is-layout-flex wp-container-core-buttons-is-layout-a89b3969 wp-block-buttons-is-layout-flex\">\n<div class=\"wp-block-button\"><a class=\"wp-block-button__link wp-element-button\" href=\"https:\/\/prometheus-web.com\/it\/servizi-di-sostenibilita\/energia-e-biocarburanti\/\">Esplora<\/a><\/div>\n<\/div>\n<\/div>\n\n\n\n<div class=\"wp-block-column is-vertically-aligned-center card-servizio-correlato scroll-fade is-layout-flow wp-block-column-is-layout-flow\" style=\"border-radius:22px;padding-top:var(--wp--preset--spacing--60);padding-right:var(--wp--preset--spacing--60);padding-bottom:var(--wp--preset--spacing--60);padding-left:var(--wp--preset--spacing--60)\">\n<h4 class=\"wp-block-heading has-text-align-center has-large-font-size\">CO2 e Gas Serra<\/h4>\n\n\n\n<p class=\"has-text-align-center\">Riduci le emissioni di gas serra con <strong>strategie di decarbonizzazione <\/strong>mirate.<\/p>\n\n\n\n<div class=\"wp-block-buttons is-content-justification-center is-layout-flex wp-container-core-buttons-is-layout-a89b3969 wp-block-buttons-is-layout-flex\">\n<div class=\"wp-block-button\"><a class=\"wp-block-button__link wp-element-button\" href=\"https:\/\/prometheus-web.com\/it\/servizi-di-sostenibilita\/co2-e-gas-effetto-serra\/\">Esplora<\/a><\/div>\n<\/div>\n<\/div>\n\n\n\n<div class=\"wp-block-column is-vertically-aligned-center card-servizio-correlato scroll-fade is-layout-flow wp-block-column-is-layout-flow\" style=\"border-radius:22px;padding-top:var(--wp--preset--spacing--60);padding-right:var(--wp--preset--spacing--60);padding-bottom:var(--wp--preset--spacing--60);padding-left:var(--wp--preset--spacing--60)\">\n<h4 class=\"wp-block-heading has-text-align-center has-large-font-size\">Sistemi di Tracciabilit\u00e0<\/h4>\n\n\n\n<p class=\"has-text-align-center\">Garantisci la sostenibilit\u00e0 delle filiere con certificazioni <strong>internazionali riconosciute<\/strong>.<\/p>\n\n\n\n<div class=\"wp-block-buttons is-content-justification-center is-layout-flex wp-container-core-buttons-is-layout-a89b3969 wp-block-buttons-is-layout-flex\">\n<div class=\"wp-block-button\"><a class=\"wp-block-button__link wp-element-button\" href=\"https:\/\/prometheus-web.com\/it\/servizi-di-sostenibilita\/traciability-systems\/\">Esplora<\/a><\/div>\n<\/div>\n<\/div>\n<\/div>\n<\/section>\n\n\n\n<section class=\"wp-block-group alignfull container-90 banner is-vertical is-content-justification-left is-nowrap is-layout-flex wp-container-core-group-is-layout-99cd7ecc wp-block-group-is-layout-flex has-background\" style=\"border-radius:30px;min-height:600px;margin-top:80px;padding-top:5vw;padding-right:5vw;padding-bottom:5vw;padding-left:5vw;background-image:url(&apos;https:\/\/prometheus-web.com\/wp-content\/uploads\/2024\/09\/banner-contatti-2-Prometheus.jpg&apos;);background-position:81% 27%;background-size:cover;\">\n<div class=\"wp-block-group scroll-fade-right banner-inner is-layout-constrained wp-block-group-is-layout-constrained\">\n<h2 class=\"wp-block-heading has-white-color has-text-color has-link-color wp-elements-85bf8a98082a367bdbaa284263128252\">Contattaci<\/h2>\n\n\n\n<p class=\"has-white-color has-text-color has-link-color wp-elements-2d980140510d76e9e366914e7ffa1d6d\">Siamo qui per rendere la tua azienda pi\u00f9 sostenibile. Collaborando con noi, scoprirai come la sostenibilit\u00e0 pu\u00f2 trasformarsi in un vantaggio competitivo e in un valore aggiunto per il tuo business.<\/p>\n\n\n\n<p class=\"has-white-color has-text-color has-link-color wp-elements-365102c9e97b03f7a83d4a9b2566c4ea\"><strong>Contattaci per una consulenza personalizzata e scopri come Prometheus pu\u00f2 supportarti nel tuo percorso verso la sostenibilit\u00e0.<\/strong><\/p>\n\n\n\n<div class=\"wp-block-buttons is-layout-flex wp-block-buttons-is-layout-flex\">\n<div class=\"wp-block-button\"><a class=\"wp-block-button__link wp-element-button\" href=\"https:\/\/prometheus-web.com\/it\/contatti\/\">Richiedi una consulenza<\/a><\/div>\n<\/div>\n<\/div>\n<\/section>\n\n\n\n<div style=\"height:100px\" aria-hidden=\"true\" class=\"wp-block-spacer\"><\/div>\n","protected":false},"excerpt":{"rendered":"<p>L&#8217;Integrazione della sostenibilit\u00e0 nelle strategie aziendali Nel contesto competitivo attuale, adottare soluzioni ESG e CSR efficaci \u00e8&#8230;<\/p>\n","protected":false},"author":1,"featured_media":720,"parent":744,"menu_order":0,"comment_status":"closed","ping_status":"closed","template":"template\/page-standard.php","meta":{"_acf_changed":false,"footnotes":""},"class_list":["post-750","page","type-page","status-publish","has-post-thumbnail","hentry"],"acf":[],"_links":{"self":[{"href":"https:\/\/prometheus-web.com\/it\/wp-json\/wp\/v2\/pages\/750","targetHints":{"allow":["GET"]}}],"collection":[{"href":"https:\/\/prometheus-web.com\/it\/wp-json\/wp\/v2\/pages"}],"about":[{"href":"https:\/\/prometheus-web.com\/it\/wp-json\/wp\/v2\/types\/page"}],"author":[{"embeddable":true,"href":"https:\/\/prometheus-web.com\/it\/wp-json\/wp\/v2\/users\/1"}],"replies":[{"embeddable":true,"href":"https:\/\/prometheus-web.com\/it\/wp-json\/wp\/v2\/comments?post=750"}],"version-history":[{"count":4,"href":"https:\/\/prometheus-web.com\/it\/wp-json\/wp\/v2\/pages\/750\/revisions"}],"predecessor-version":[{"id":811,"href":"https:\/\/prometheus-web.com\/it\/wp-json\/wp\/v2\/pages\/750\/revisions\/811"}],"up":[{"embeddable":true,"href":"https:\/\/prometheus-web.com\/it\/wp-json\/wp\/v2\/pages\/744"}],"wp:featuredmedia":[{"embeddable":true,"href":"https:\/\/prometheus-web.com\/it\/wp-json\/wp\/v2\/media\/720"}],"wp:attachment":[{"href":"https:\/\/prometheus-web.com\/it\/wp-json\/wp\/v2\/media?parent=750"}],"curies":[{"name":"wp","href":"https:\/\/api.w.org\/{rel}","templated":true}]}}