{"id":752,"date":"2024-09-12T16:23:38","date_gmt":"2024-09-12T16:23:38","guid":{"rendered":"https:\/\/prometheus-web.com\/sustainability-services\/traciability-systems\/"},"modified":"2025-02-20T20:30:27","modified_gmt":"2025-02-20T20:30:27","slug":"sistemi-di-tracciabilita","status":"publish","type":"page","link":"https:\/\/prometheus-web.com\/it\/servizi-di-sostenibilita\/sistemi-di-tracciabilita\/","title":{"rendered":"Sistemi di tracciabilit\u00e0"},"content":{"rendered":"\n<div class=\"wp-block-group alignfull container-90 scroll-fade-right is-content-justification-left is-layout-constrained wp-container-core-group-is-layout-04d632e2 wp-block-group-is-layout-constrained\">\n<h2 class=\"wp-block-heading\"><mark style=\"background-color:rgba(0, 0, 0, 0)\" class=\"has-inline-color has-vivid-green-cyan-color\">Sostenibilit\u00e0<\/mark> delle filiere<\/h2>\n\n\n\n<p>In un mercato sempre pi\u00f9 orientato verso prodotti Green e sostenibili, \u00e8 cruciale supportare le dichiarazioni ambientali con dati concreti, dimostrando l\u2019origine e l\u2019impatto ridotto di materiali e processi.<\/p>\n\n\n\n<p>Prometheus offre un supporto completo alle aziende che desiderano certificare la sostenibilit\u00e0 delle proprie filiere secondo standard riconosciuti a livello globale, come<strong> ISCC PLUS<\/strong>.<\/p>\n<\/div>\n\n\n\n<section class=\"wp-block-group alignfull container-90 is-layout-flow wp-block-group-is-layout-flow\" style=\"border-bottom-style:none;border-bottom-width:0px\">\n<div style=\"height:50px\" aria-hidden=\"true\" class=\"wp-block-spacer\"><\/div>\n\n\n\n<figure class=\"wp-block-image size-full has-custom-border scroll-img o-hidden\"><img loading=\"lazy\" decoding=\"async\" width=\"1920\" height=\"1080\" src=\"https:\/\/prometheus-web.com\/wp-content\/uploads\/2024\/09\/Auditing-Prometheus.jpg\" alt=\"\" class=\"wp-image-473\" style=\"border-radius:30px;aspect-ratio:16\/9;object-fit:cover\" srcset=\"https:\/\/prometheus-web.com\/wp-content\/uploads\/2024\/09\/Auditing-Prometheus.jpg 1920w, https:\/\/prometheus-web.com\/wp-content\/uploads\/2024\/09\/Auditing-Prometheus-300x169.jpg 300w, https:\/\/prometheus-web.com\/wp-content\/uploads\/2024\/09\/Auditing-Prometheus-1024x576.jpg 1024w, https:\/\/prometheus-web.com\/wp-content\/uploads\/2024\/09\/Auditing-Prometheus-768x432.jpg 768w, https:\/\/prometheus-web.com\/wp-content\/uploads\/2024\/09\/Auditing-Prometheus-1536x864.jpg 1536w\" sizes=\"auto, (max-width: 1920px) 100vw, 1920px\" \/><\/figure>\n\n\n\n<div style=\"height:15px\" aria-hidden=\"true\" class=\"wp-block-spacer\"><\/div>\n\n\n\n<div class=\"wp-block-group scroll-fade is-content-justification-left is-layout-constrained wp-container-core-group-is-layout-5c10f4ab wp-block-group-is-layout-constrained\">\n<h2 class=\"wp-block-heading\">Auditing<\/h2>\n\n\n\n<p><strong>Il team di Prometheus \u00e8 composto da auditor qualificati che eseguono audit di prima, seconda e terza parte. Collaboriamo con i principali enti di certificazione internazionali per gli standard:<\/strong><\/p>\n\n\n\n<div style=\"height:10px\" aria-hidden=\"true\" class=\"wp-block-spacer\"><\/div>\n\n\n\n<div class=\"wp-block-group is-layout-grid wp-container-core-group-is-layout-29271053 wp-block-group-is-layout-grid\">\n<ul class=\"wp-block-list\">\n<li><strong>SCC EU<\/strong><\/li>\n\n\n\n<li><strong>2BSvs<\/strong><\/li>\n\n\n\n<li><strong>ISCC PLUS<\/strong><\/li>\n\n\n\n<li><strong>ISCC CORSIA<\/strong><\/li>\n\n\n\n<li><strong>CSRD \u2013 GRI<\/strong><\/li>\n\n\n\n<li><strong>ISO 14064<\/strong><\/li>\n<\/ul>\n\n\n\n<ul class=\"wp-block-list\">\n<li><strong>ISO 14067<\/strong><\/li>\n\n\n\n<li><strong>ISO 9001<\/strong><\/li>\n\n\n\n<li><strong>ISO 14001<\/strong><\/li>\n\n\n\n<li><strong>ISO 45001<\/strong><\/li>\n\n\n\n<li><strong>ISO 50001<\/strong><\/li>\n<\/ul>\n<\/div>\n<\/div>\n<\/section>\n\n\n\n<section class=\"wp-block-group alignfull servizi-correlati container-90 is-layout-flow wp-block-group-is-layout-flow\" style=\"padding-top:0\">\n<h3 class=\"wp-block-heading\" style=\"font-size:1.7rem\">Esplora gli altri servizi<\/h3>\n\n\n\n<div class=\"wp-block-columns is-layout-flex wp-container-core-columns-is-layout-dc63b7a3 wp-block-columns-is-layout-flex\" style=\"margin-top:var(--wp--preset--spacing--60)\">\n<div class=\"wp-block-column is-vertically-aligned-center card-servizio-correlato scroll-fade is-layout-flow wp-block-column-is-layout-flow\" style=\"border-radius:22px;padding-top:var(--wp--preset--spacing--60);padding-right:var(--wp--preset--spacing--60);padding-bottom:var(--wp--preset--spacing--60);padding-left:var(--wp--preset--spacing--60)\">\n<h4 class=\"wp-block-heading has-text-align-center has-large-font-size\">Energy and Biofuels<\/h4>\n\n\n\n<p class=\"has-text-align-center\">Scopri come migliorare l&#8217;efficienza energetica e promuovere <strong>biocarburanti sostenibili<\/strong>.<\/p>\n\n\n\n<div class=\"wp-block-buttons is-content-justification-center is-layout-flex wp-container-core-buttons-is-layout-a89b3969 wp-block-buttons-is-layout-flex\">\n<div class=\"wp-block-button\"><a class=\"wp-block-button__link wp-element-button\" href=\"https:\/\/prometheus-web.com\/it\/servizi-di-sostenibilita\/energia-e-biocarburanti\/\">Scopri di pi\u00f9<\/a><\/div>\n<\/div>\n<\/div>\n\n\n\n<div class=\"wp-block-column is-vertically-aligned-center card-servizio-correlato scroll-fade is-layout-flow wp-block-column-is-layout-flow\" style=\"border-radius:22px;padding-top:var(--wp--preset--spacing--60);padding-right:var(--wp--preset--spacing--60);padding-bottom:var(--wp--preset--spacing--60);padding-left:var(--wp--preset--spacing--60)\">\n<h4 class=\"wp-block-heading has-text-align-center has-large-font-size\">CO2 and Greenhouse Gases<\/h4>\n\n\n\n<p class=\"has-text-align-center\">Riduci le tue emissioni di CO2 con <strong>strategie di decarbonizzazione<\/strong> efficaci.<\/p>\n\n\n\n<div class=\"wp-block-buttons is-content-justification-center is-layout-flex wp-container-core-buttons-is-layout-a89b3969 wp-block-buttons-is-layout-flex\">\n<div class=\"wp-block-button\"><a class=\"wp-block-button__link wp-element-button\" href=\"https:\/\/prometheus-web.com\/it\/servizi-di-sostenibilita\/co2-e-gas-effetto-serra\/\">Scopri di pi\u00f9<\/a><\/div>\n<\/div>\n<\/div>\n\n\n\n<div class=\"wp-block-column is-vertically-aligned-center card-servizio-correlato scroll-fade is-layout-flow wp-block-column-is-layout-flow\" style=\"border-radius:22px;padding-top:var(--wp--preset--spacing--60);padding-right:var(--wp--preset--spacing--60);padding-bottom:var(--wp--preset--spacing--60);padding-left:var(--wp--preset--spacing--60)\">\n<h4 class=\"wp-block-heading has-text-align-center has-large-font-size\">ESG and CSR<\/h4>\n\n\n\n<p class=\"has-text-align-center\"><strong>Integra la sostenibilit\u00e0<\/strong> nella tua strategia aziendale con il supporto ESG e CSR<\/p>\n\n\n\n<div class=\"wp-block-buttons is-content-justification-center is-layout-flex wp-container-core-buttons-is-layout-a89b3969 wp-block-buttons-is-layout-flex\">\n<div class=\"wp-block-button\"><a class=\"wp-block-button__link wp-element-button\" href=\"https:\/\/prometheus-web.com\/it\/servizi-di-sostenibilita\/soluzioni-esg-e-csr\/\">Scopri di pi\u00f9<\/a><\/div>\n<\/div>\n<\/div>\n<\/div>\n<\/section>\n\n\n\n<section class=\"wp-block-group alignfull container-90 banner is-vertical is-content-justification-left is-nowrap is-layout-flex wp-container-core-group-is-layout-99cd7ecc wp-block-group-is-layout-flex has-background\" style=\"border-radius:30px;min-height:600px;margin-top:80px;padding-top:5vw;padding-right:5vw;padding-bottom:5vw;padding-left:5vw;background-image:url(&apos;https:\/\/prometheus-web.com\/wp-content\/uploads\/2024\/09\/banner-contatti-2-Prometheus.jpg&apos;);background-position:81% 27%;background-size:cover;\">\n<div class=\"wp-block-group scroll-fade-right banner-inner is-layout-constrained wp-block-group-is-layout-constrained\">\n<h2 class=\"wp-block-heading has-white-color has-text-color has-link-color wp-elements-85bf8a98082a367bdbaa284263128252\">Contattaci<\/h2>\n\n\n\n<p class=\"has-white-color has-text-color has-link-color wp-elements-0be86c80138cced8d011f9b940a8c7c7\">Siamo qui per aiutare la tua azienda a diventare pi\u00f9 sostenibile. Collaborando con noi, scoprirai come la sostenibilit\u00e0 pu\u00f2 trasformarsi in un vantaggio competitivo e un valore aggiunto per il tuo business.<\/p>\n\n\n\n<p class=\"has-white-color has-text-color has-link-color wp-elements-03bf66f39552d1df5c1e3c34eb0d8d85\"><strong>Contact us for a personalized consultation and find out how Prometheus can support you on your path to sustainability.<\/strong><\/p>\n\n\n\n<div class=\"wp-block-buttons is-layout-flex wp-block-buttons-is-layout-flex\">\n<div class=\"wp-block-button\"><a class=\"wp-block-button__link wp-element-button\" href=\"https:\/\/prometheus-web.com\/it\/contatti\/\">Richiedi consulenza<\/a><\/div>\n<\/div>\n<\/div>\n<\/section>\n\n\n\n<div style=\"height:100px\" aria-hidden=\"true\" class=\"wp-block-spacer\"><\/div>\n","protected":false},"excerpt":{"rendered":"<p>Sostenibilit\u00e0 delle filiere In un mercato sempre pi\u00f9 orientato verso prodotti Green e sostenibili, \u00e8 cruciale supportare&#8230;<\/p>\n","protected":false},"author":1,"featured_media":718,"parent":744,"menu_order":0,"comment_status":"closed","ping_status":"closed","template":"template\/page-standard.php","meta":{"_acf_changed":false,"footnotes":""},"class_list":["post-752","page","type-page","status-publish","has-post-thumbnail","hentry"],"acf":[],"_links":{"self":[{"href":"https:\/\/prometheus-web.com\/it\/wp-json\/wp\/v2\/pages\/752","targetHints":{"allow":["GET"]}}],"collection":[{"href":"https:\/\/prometheus-web.com\/it\/wp-json\/wp\/v2\/pages"}],"about":[{"href":"https:\/\/prometheus-web.com\/it\/wp-json\/wp\/v2\/types\/page"}],"author":[{"embeddable":true,"href":"https:\/\/prometheus-web.com\/it\/wp-json\/wp\/v2\/users\/1"}],"replies":[{"embeddable":true,"href":"https:\/\/prometheus-web.com\/it\/wp-json\/wp\/v2\/comments?post=752"}],"version-history":[{"count":4,"href":"https:\/\/prometheus-web.com\/it\/wp-json\/wp\/v2\/pages\/752\/revisions"}],"predecessor-version":[{"id":808,"href":"https:\/\/prometheus-web.com\/it\/wp-json\/wp\/v2\/pages\/752\/revisions\/808"}],"up":[{"embeddable":true,"href":"https:\/\/prometheus-web.com\/it\/wp-json\/wp\/v2\/pages\/744"}],"wp:featuredmedia":[{"embeddable":true,"href":"https:\/\/prometheus-web.com\/it\/wp-json\/wp\/v2\/media\/718"}],"wp:attachment":[{"href":"https:\/\/prometheus-web.com\/it\/wp-json\/wp\/v2\/media?parent=752"}],"curies":[{"name":"wp","href":"https:\/\/api.w.org\/{rel}","templated":true}]}}